{"id":551,"date":"2020-09-17T13:23:37","date_gmt":"2020-09-17T13:23:37","guid":{"rendered":"https:\/\/dyna.neel.cnrs.fr\/?page_id=551"},"modified":"2023-11-30T16:09:53","modified_gmt":"2023-11-30T15:09:53","slug":"contacts","status":"publish","type":"page","link":"https:\/\/dyna.neel.cnrs.fr\/index.php\/contacts\/","title":{"rendered":"Contacts"},"content":{"rendered":"\n<p><a href=\"mailto:stephane.grenier@neel.cnrs.fr\">St\u00e9phane Grenier<\/a> (Institut N\u00e9el)<\/p>\n\n\n\n<p><a href=\"mailto:jean-marc.tonnerre@neel.cnrs.fr\">Jean-Marc Tonnerre<\/a> (Institut N\u00e9el)<\/p>\n\n\n\n<p>&nbsp;<a href=\"mailto:nicolas.jaouen@synchrotron-soleil.fr\">Nicolas Jaouen<\/a> (Synchrotron Soleil)<\/p>\n\n\n\n<p>&nbsp;<a href=\"mailto:emmanuelle.jal@sorbonne-universite.fr\">Emmanuelle Jal<\/a> (Sorbonne Universit\u00e9, LCPMR)<\/p>\n\n\n\n<p><strong>Contributors<\/strong><\/p>\n\n\n\n<p>Valentin Chardonnet (PhD, Sorbonne Universit\u00e9, LCPMR)<\/p>\n\n\n\n<p>&nbsp;Marta Elzo (PhD, Inst. N\u00e9el &amp; Soleil, 2009-2012)<\/p>\n\n\n\n<p>&nbsp;Ingrid Hallsteinsen &#8211; Padraic Shaffer\u2019s group &#8211; Berkeley Nat. Lab.<\/p>\n","protected":false},"excerpt":{"rendered":"<p>St\u00e9phane Grenier (Institut N\u00e9el) Jean-Marc Tonnerre (Institut N\u00e9el) &nbsp;Nicolas Jaouen (Synchrotron Soleil) &nbsp;Emmanuelle Jal (Sorbonne Universit\u00e9, LCPMR) Contributors Valentin Chardonnet (PhD, Sorbonne Universit\u00e9, LCPMR) &nbsp;Marta Elzo (PhD, Inst. N\u00e9el &amp; Soleil, 2009-2012) &nbsp;Ingrid Hallsteinsen &#8211; Padraic Shaffer\u2019s group &#8211; Berkeley &hellip; <a href=\"https:\/\/dyna.neel.cnrs.fr\/index.php\/contacts\/\">Continue reading <span class=\"meta-nav\">&rarr;<\/span><\/a><\/p>\n","protected":false},"author":3,"featured_media":0,"parent":0,"menu_order":0,"comment_status":"closed","ping_status":"closed","template":"","meta":{"footnotes":""},"class_list":["post-551","page","type-page","status-publish","hentry"],"_links":{"self":[{"href":"https:\/\/dyna.neel.cnrs.fr\/index.php\/wp-json\/wp\/v2\/pages\/551","targetHints":{"allow":["GET"]}}],"collection":[{"href":"https:\/\/dyna.neel.cnrs.fr\/index.php\/wp-json\/wp\/v2\/pages"}],"about":[{"href":"https:\/\/dyna.neel.cnrs.fr\/index.php\/wp-json\/wp\/v2\/types\/page"}],"author":[{"embeddable":true,"href":"https:\/\/dyna.neel.cnrs.fr\/index.php\/wp-json\/wp\/v2\/users\/3"}],"replies":[{"embeddable":true,"href":"https:\/\/dyna.neel.cnrs.fr\/index.php\/wp-json\/wp\/v2\/comments?post=551"}],"version-history":[{"count":8,"href":"https:\/\/dyna.neel.cnrs.fr\/index.php\/wp-json\/wp\/v2\/pages\/551\/revisions"}],"predecessor-version":[{"id":967,"href":"https:\/\/dyna.neel.cnrs.fr\/index.php\/wp-json\/wp\/v2\/pages\/551\/revisions\/967"}],"wp:attachment":[{"href":"https:\/\/dyna.neel.cnrs.fr\/index.php\/wp-json\/wp\/v2\/media?parent=551"}],"curies":[{"name":"wp","href":"https:\/\/api.w.org\/{rel}","templated":true}]}}